{"id":3842,"date":"2025-12-16T20:55:58","date_gmt":"2025-12-16T20:55:58","guid":{"rendered":"https:\/\/neu.q-nix.com\/?page_id=3842"},"modified":"2026-02-23T19:49:57","modified_gmt":"2026-02-23T19:49:57","slug":"download","status":"publish","type":"page","link":"https:\/\/neu.q-nix.com\/en\/support\/download\/","title":{"rendered":"Downloads"},"content":{"rendered":"<style>.kb-row-layout-id3842_8c55b7-3d > .kt-row-column-wrap{align-content:start;}:where(.kb-row-layout-id3842_8c55b7-3d > .kt-row-column-wrap) > .wp-block-kadence-column{justify-content:start;}.kb-row-layout-id3842_8c55b7-3d > .kt-row-column-wrap{column-gap:var(--global-kb-gap-md, 2rem);row-gap:var(--global-kb-gap-lg, 4rem);max-width:var(--wp--style--global--content-size);padding-top:var(--global-kb-spacing-xxl, 5rem);padding-bottom:var(--global-kb-spacing-md, 2rem);grid-template-columns:minmax(0, 1fr);}.kb-row-layout-id3842_8c55b7-3d{background-color:var(--global-palette9, #ffffff);}.kb-row-layout-id3842_8c55b7-3d > .kt-row-layout-overlay{opacity:0.30;}@media all and (max-width: 1024px){.kb-row-layout-id3842_8c55b7-3d > .kt-row-column-wrap{grid-template-columns:minmax(0, 1fr);}}@media all and (max-width: 767px){.kb-row-layout-id3842_8c55b7-3d > .kt-row-column-wrap{grid-template-columns:minmax(0, 1fr);}}<\/style><div class=\"kb-row-layout-wrap kb-row-layout-id3842_8c55b7-3d alignfull has-theme-palette9-background-color kt-row-has-bg wp-block-kadence-rowlayout\"><div class=\"kt-row-column-wrap kt-has-1-columns kt-row-layout-equal kt-tab-layout-inherit kt-mobile-layout-row kt-row-valign-top kb-theme-content-width\">\n<style>.kadence-column3842_79d7e7-e8 > .kt-inside-inner-col{padding-bottom:0px;}.kadence-column3842_79d7e7-e8 > .kt-inside-inner-col,.kadence-column3842_79d7e7-e8 > .kt-inside-inner-col:before{border-top-left-radius:0px;border-top-right-radius:0px;border-bottom-right-radius:0px;border-bottom-left-radius:0px;}.kadence-column3842_79d7e7-e8 > .kt-inside-inner-col{column-gap:var(--global-kb-gap-sm, 1rem);}.kadence-column3842_79d7e7-e8 > .kt-inside-inner-col{flex-direction:column;}.kadence-column3842_79d7e7-e8 > .kt-inside-inner-col > .aligncenter{width:100%;}.kadence-column3842_79d7e7-e8 > .kt-inside-inner-col:before{opacity:0.3;}.kadence-column3842_79d7e7-e8{text-align:center;}.kadence-column3842_79d7e7-e8{position:relative;}.kadence-column3842_79d7e7-e8, .kt-inside-inner-col > .kadence-column3842_79d7e7-e8:not(.specificity){margin-right:var(--global-kb-spacing-3xl, 6.5rem);margin-left:var(--global-kb-spacing-3xl, 6.5rem);}@media all and (max-width: 1024px){.kadence-column3842_79d7e7-e8 > .kt-inside-inner-col{flex-direction:column;justify-content:center;}}@media all and (max-width: 1024px){.kadence-column3842_79d7e7-e8, .kt-inside-inner-col > .kadence-column3842_79d7e7-e8:not(.specificity){margin-right:var(--global-kb-spacing-sm, 1.5rem);margin-left:var(--global-kb-spacing-sm, 1.5rem);}}@media all and (max-width: 767px){.kadence-column3842_79d7e7-e8 > .kt-inside-inner-col{flex-direction:column;justify-content:center;}.kadence-column3842_79d7e7-e8, .kt-inside-inner-col > .kadence-column3842_79d7e7-e8:not(.specificity){margin-right:0px;margin-left:0px;}}<\/style>\n<div class=\"wp-block-kadence-column kadence-column3842_79d7e7-e8\"><div class=\"kt-inside-inner-col\"><style>.wp-block-kadence-advancedheading.kt-adv-heading3842_4fc42f-45, .wp-block-kadence-advancedheading.kt-adv-heading3842_4fc42f-45[data-kb-block=\"kb-adv-heading3842_4fc42f-45\"]{padding-top:var(--global-kb-spacing-xs, 1rem);padding-bottom:var(--global-kb-spacing-xs, 1rem);margin-top:0px;margin-bottom:var(--global-kb-spacing-sm, 1.5rem);text-align:center;font-size:var(--global-kb-font-size-xl, 3rem);line-height:1.2;font-style:normal;color:var(--global-palette3, #1A202C);}.wp-block-kadence-advancedheading.kt-adv-heading3842_4fc42f-45 mark.kt-highlight, .wp-block-kadence-advancedheading.kt-adv-heading3842_4fc42f-45[data-kb-block=\"kb-adv-heading3842_4fc42f-45\"] mark.kt-highlight{font-style:normal;color:#f76a0c;-webkit-box-decoration-break:clone;box-decoration-break:clone;padding-top:0px;padding-right:0px;padding-bottom:0px;padding-left:0px;}.wp-block-kadence-advancedheading.kt-adv-heading3842_4fc42f-45 img.kb-inline-image, .wp-block-kadence-advancedheading.kt-adv-heading3842_4fc42f-45[data-kb-block=\"kb-adv-heading3842_4fc42f-45\"] img.kb-inline-image{width:150px;vertical-align:baseline;}<\/style>\n<h2 class=\"kt-adv-heading3842_4fc42f-45 wp-block-kadence-advancedheading has-theme-palette-3-color has-text-color\" data-kb-block=\"kb-adv-heading3842_4fc42f-45\">Software-Downloads<\/h2>\n\n\n<style>.wp-block-kadence-advancedheading.kt-adv-heading3842_27d4ff-15, .wp-block-kadence-advancedheading.kt-adv-heading3842_27d4ff-15[data-kb-block=\"kb-adv-heading3842_27d4ff-15\"]{font-style:normal;color:var(--global-palette3, #1A202C);}.wp-block-kadence-advancedheading.kt-adv-heading3842_27d4ff-15 mark.kt-highlight, .wp-block-kadence-advancedheading.kt-adv-heading3842_27d4ff-15[data-kb-block=\"kb-adv-heading3842_27d4ff-15\"] mark.kt-highlight{font-style:normal;color:#f76a0c;-webkit-box-decoration-break:clone;box-decoration-break:clone;padding-top:0px;padding-right:0px;padding-bottom:0px;padding-left:0px;}.wp-block-kadence-advancedheading.kt-adv-heading3842_27d4ff-15 img.kb-inline-image, .wp-block-kadence-advancedheading.kt-adv-heading3842_27d4ff-15[data-kb-block=\"kb-adv-heading3842_27d4ff-15\"] img.kb-inline-image{width:150px;vertical-align:baseline;}<\/style>\n<p class=\"kt-adv-heading3842_27d4ff-15 wp-block-kadence-advancedheading has-theme-palette-3-color has-text-color\" data-kb-block=\"kb-adv-heading3842_27d4ff-15\">Laden Sie hier die aktuelle Software f\u00fcr Ihre Ger\u00e4te herunter. Die Software erm\u00f6glicht Ihnen die einfache Verwaltung und Auswertung Ihrer Messwerte. Folgen Sie der kurzen Anleitung, um die Installation problemlos durchzuf\u00fchren. Nach der Installation k\u00f6nnen Sie das Programm direkt \u00fcber das Desktop-Icon oder Ihr Startmen\u00fc starten und sofort mit der Nutzung beginnen.<\/p>\n<\/div><\/div>\n\n<\/div><\/div>\n\n<style>.kb-row-layout-id3842_8e4d72-a0 > .kt-row-column-wrap{align-content:start;}:where(.kb-row-layout-id3842_8e4d72-a0 > .kt-row-column-wrap) > .wp-block-kadence-column{justify-content:start;}.kb-row-layout-id3842_8e4d72-a0 > .kt-row-column-wrap{column-gap:var(--global-kb-gap-lg, 4rem);row-gap:var(--global-kb-gap-lg, 4rem);max-width:var(--wp--style--global--content-size);padding-top:var(--global-kb-spacing-md, 2rem);}.kb-row-layout-id3842_8e4d72-a0 > .kt-row-column-wrap > div:not(.added-for-specificity){grid-column:initial;}.kb-row-layout-id3842_8e4d72-a0 > .kt-row-column-wrap{grid-template-columns:minmax(0, 1fr);}.kb-row-layout-id3842_8e4d72-a0{background-color:var(--global-palette9, #ffffff);}.kb-row-layout-id3842_8e4d72-a0 > .kt-row-layout-overlay{opacity:0.30;}@media all and (max-width: 1024px){.kb-row-layout-id3842_8e4d72-a0 > .kt-row-column-wrap > div:not(.added-for-specificity){grid-column:initial;}}@media all and (max-width: 1024px){.kb-row-layout-id3842_8e4d72-a0 > .kt-row-column-wrap{grid-template-columns:minmax(0, 1fr);}}@media all and (max-width: 767px){.kb-row-layout-id3842_8e4d72-a0 > .kt-row-column-wrap > div:not(.added-for-specificity){grid-column:initial;}.kb-row-layout-id3842_8e4d72-a0 > .kt-row-column-wrap{grid-template-columns:minmax(0, 1fr);}}<\/style><div class=\"kb-row-layout-wrap kb-row-layout-id3842_8e4d72-a0 alignfull has-theme-palette9-background-color kt-row-has-bg wp-block-kadence-rowlayout\"><div class=\"kt-row-column-wrap kt-has-4-columns kt-row-layout-row kt-tab-layout-inherit kt-mobile-layout-row kt-row-valign-top kb-theme-content-width\">\n<style>.kadence-column3842_f709c0-8d > .kt-inside-inner-col{padding-bottom:0px;}.kadence-column3842_f709c0-8d > .kt-inside-inner-col,.kadence-column3842_f709c0-8d > .kt-inside-inner-col:before{border-top-left-radius:0px;border-top-right-radius:0px;border-bottom-right-radius:0px;border-bottom-left-radius:0px;}.kadence-column3842_f709c0-8d > .kt-inside-inner-col{column-gap:var(--global-kb-gap-sm, 1rem);}.kadence-column3842_f709c0-8d > .kt-inside-inner-col{flex-direction:column;}.kadence-column3842_f709c0-8d > .kt-inside-inner-col > .aligncenter{width:100%;}.kadence-column3842_f709c0-8d > .kt-inside-inner-col:before{opacity:0.3;}.kadence-column3842_f709c0-8d{position:relative;}@media all and (max-width: 1024px){.kadence-column3842_f709c0-8d > .kt-inside-inner-col{padding-bottom:0px;flex-direction:column;justify-content:center;}}@media all and (max-width: 767px){.kadence-column3842_f709c0-8d > .kt-inside-inner-col{flex-direction:column;justify-content:center;}}<\/style>\n<div class=\"wp-block-kadence-column kadence-column3842_f709c0-8d\"><div class=\"kt-inside-inner-col\"><style>.kb-row-layout-id3842_136db2-8e > .kt-row-column-wrap{align-content:start;}:where(.kb-row-layout-id3842_136db2-8e > .kt-row-column-wrap) > .wp-block-kadence-column{justify-content:start;}.kb-row-layout-id3842_136db2-8e > .kt-row-column-wrap{column-gap:var(--global-kb-gap-none, 0rem );row-gap:var(--global-kb-gap-md, 2rem);padding-top:0px;padding-bottom:0px;grid-template-columns:repeat(2, minmax(0, 1fr));}.kb-row-layout-id3842_136db2-8e > .kt-row-layout-overlay{opacity:0.30;}@media all and (max-width: 1024px){.kb-row-layout-id3842_136db2-8e > .kt-row-column-wrap{grid-template-columns:repeat(2, minmax(0, 1fr));}}@media all and (max-width: 767px){.kb-row-layout-id3842_136db2-8e > .kt-row-column-wrap{grid-template-columns:minmax(0, 1fr);}}<\/style><div class=\"kb-row-layout-wrap kb-row-layout-id3842_136db2-8e alignnone wp-block-kadence-rowlayout\"><div class=\"kt-row-column-wrap kt-has-2-columns kt-row-layout-equal kt-tab-layout-inherit kt-mobile-layout-row kt-row-valign-top\">\n<style>.kadence-column3842_f75018-69 > .kt-inside-inner-col,.kadence-column3842_f75018-69 > .kt-inside-inner-col:before{border-top-left-radius:0px;border-top-right-radius:0px;border-bottom-right-radius:0px;border-bottom-left-radius:0px;}.kadence-column3842_f75018-69 > .kt-inside-inner-col{column-gap:var(--global-kb-gap-sm, 1rem);}.kadence-column3842_f75018-69 > .kt-inside-inner-col{flex-direction:column;}.kadence-column3842_f75018-69 > .kt-inside-inner-col > .aligncenter{width:100%;}.kadence-column3842_f75018-69 > .kt-inside-inner-col{background-color:var(--global-palette9, #ffffff);}.kadence-column3842_f75018-69 > .kt-inside-inner-col:before{opacity:0.3;}.kadence-column3842_f75018-69{position:relative;}@media all and (max-width: 1024px){.kadence-column3842_f75018-69 > .kt-inside-inner-col{flex-direction:column;justify-content:center;}}@media all and (max-width: 767px){.kadence-column3842_f75018-69 > .kt-inside-inner-col{padding-bottom:0px;flex-direction:column;justify-content:center;}.kadence-column3842_f75018-69, .kt-inside-inner-col > .kadence-column3842_f75018-69:not(.specificity){margin-bottom:0px;}}<\/style>\n<div class=\"wp-block-kadence-column kadence-column3842_f75018-69\"><div class=\"kt-inside-inner-col\"><style>.wp-block-kadence-image.kb-image3842_dc68d7-a7:not(.kb-specificity-added):not(.kb-extra-specificity-added){margin-bottom:0px;}.kb-image3842_dc68d7-a7:not(.kb-image-is-ratio-size) .kb-img, .kb-image3842_dc68d7-a7.kb-image-is-ratio-size{padding-bottom:0px;}.kb-image3842_dc68d7-a7 .kb-image-has-overlay:after{opacity:0.3;}<\/style>\n<figure class=\"wp-block-kadence-image kb-image3842_dc68d7-a7 size-large\"><img loading=\"lazy\" decoding=\"async\" width=\"1024\" height=\"681\" src=\"https:\/\/neu.q-nix.com\/wp-content\/uploads\/2025\/12\/QNIX-9500_04-1024x681.webp\" alt=\"\" class=\"kb-img wp-image-3621\" srcset=\"https:\/\/neu.q-nix.com\/wp-content\/uploads\/2025\/12\/QNIX-9500_04-1024x681.webp 1024w, https:\/\/neu.q-nix.com\/wp-content\/uploads\/2025\/12\/QNIX-9500_04-300x200.webp 300w, https:\/\/neu.q-nix.com\/wp-content\/uploads\/2025\/12\/QNIX-9500_04-768x511.webp 768w, https:\/\/neu.q-nix.com\/wp-content\/uploads\/2025\/12\/QNIX-9500_04-1536x1021.webp 1536w, https:\/\/neu.q-nix.com\/wp-content\/uploads\/2025\/12\/QNIX-9500_04-600x399.webp 600w, https:\/\/neu.q-nix.com\/wp-content\/uploads\/2025\/12\/QNIX-9500_04.webp 1800w\" sizes=\"auto, (max-width: 1024px) 100vw, 1024px\" \/><\/figure>\n<\/div><\/div>\n\n\n<style>.kadence-column3842_39af7d-60 > .kt-inside-inner-col{padding-top:var(--global-kb-spacing-md, 2rem);padding-right:var(--global-kb-spacing-md, 2rem);padding-bottom:var(--global-kb-spacing-md, 2rem);padding-left:var(--global-kb-spacing-md, 2rem);}.kadence-column3842_39af7d-60 > .kt-inside-inner-col{box-shadow:0px 0px 14px 0px rgba(0, 0, 0, 0.2);}.kadence-column3842_39af7d-60 > .kt-inside-inner-col,.kadence-column3842_39af7d-60 > .kt-inside-inner-col:before{border-top-left-radius:10px;border-top-right-radius:10px;border-bottom-right-radius:10px;border-bottom-left-radius:10px;}.kadence-column3842_39af7d-60 > .kt-inside-inner-col{column-gap:var(--global-kb-gap-sm, 1rem);}.kadence-column3842_39af7d-60 > .kt-inside-inner-col{flex-direction:column;}.kadence-column3842_39af7d-60 > .kt-inside-inner-col > .aligncenter{width:100%;}.kadence-column3842_39af7d-60 > .kt-inside-inner-col{background-color:#003899;}.kadence-column3842_39af7d-60 > .kt-inside-inner-col:before{opacity:0.3;}.kadence-column3842_39af7d-60{position:relative;}.kadence-column3842_39af7d-60, .kt-inside-inner-col > .kadence-column3842_39af7d-60:not(.specificity){margin-top:32px;margin-right:120px;margin-left:-100px;}@media all and (max-width: 1024px){.kadence-column3842_39af7d-60 > .kt-inside-inner-col{flex-direction:column;justify-content:center;}}@media all and (max-width: 1024px){.kadence-column3842_39af7d-60, .kt-inside-inner-col > .kadence-column3842_39af7d-60:not(.specificity){margin-top:30px;margin-right:50px;margin-left:-50px;}}@media all and (max-width: 767px){.kadence-column3842_39af7d-60 > .kt-inside-inner-col{flex-direction:column;justify-content:center;}.kadence-column3842_39af7d-60, .kt-inside-inner-col > .kadence-column3842_39af7d-60:not(.specificity){margin-top:-80px;margin-right:var(--global-kb-spacing-xs, 1rem);margin-left:var(--global-kb-spacing-xs, 1rem);}}<\/style>\n<div class=\"wp-block-kadence-column kadence-column3842_39af7d-60\"><div class=\"kt-inside-inner-col\"><style>.wp-block-kadence-advancedheading.kt-adv-heading3842_32856e-1f, .wp-block-kadence-advancedheading.kt-adv-heading3842_32856e-1f[data-kb-block=\"kb-adv-heading3842_32856e-1f\"]{margin-top:var(--global-kb-spacing-xs, 1rem);font-size:var(--global-kb-font-size-lg, 2rem);font-style:normal;}.wp-block-kadence-advancedheading.kt-adv-heading3842_32856e-1f mark.kt-highlight, .wp-block-kadence-advancedheading.kt-adv-heading3842_32856e-1f[data-kb-block=\"kb-adv-heading3842_32856e-1f\"] mark.kt-highlight{font-style:normal;color:#f76a0c;-webkit-box-decoration-break:clone;box-decoration-break:clone;padding-top:0px;padding-right:0px;padding-bottom:0px;padding-left:0px;}.wp-block-kadence-advancedheading.kt-adv-heading3842_32856e-1f img.kb-inline-image, .wp-block-kadence-advancedheading.kt-adv-heading3842_32856e-1f[data-kb-block=\"kb-adv-heading3842_32856e-1f\"] img.kb-inline-image{width:150px;vertical-align:baseline;}<\/style>\n<h5 class=\"kt-adv-heading3842_32856e-1f wp-block-kadence-advancedheading has-ast-global-color-4-color has-text-color\" data-kb-block=\"kb-adv-heading3842_32856e-1f\"><strong>QNix<sup>\u00ae<\/sup>&nbsp;9500 PC Software<\/strong><\/h5>\n\n\n<style>.wp-block-kadence-advancedheading.kt-adv-heading3842_5f3ca5-84, .wp-block-kadence-advancedheading.kt-adv-heading3842_5f3ca5-84[data-kb-block=\"kb-adv-heading3842_5f3ca5-84\"]{font-style:normal;}.wp-block-kadence-advancedheading.kt-adv-heading3842_5f3ca5-84 mark.kt-highlight, .wp-block-kadence-advancedheading.kt-adv-heading3842_5f3ca5-84[data-kb-block=\"kb-adv-heading3842_5f3ca5-84\"] mark.kt-highlight{font-style:normal;color:#f76a0c;-webkit-box-decoration-break:clone;box-decoration-break:clone;padding-top:0px;padding-right:0px;padding-bottom:0px;padding-left:0px;}.wp-block-kadence-advancedheading.kt-adv-heading3842_5f3ca5-84 img.kb-inline-image, .wp-block-kadence-advancedheading.kt-adv-heading3842_5f3ca5-84[data-kb-block=\"kb-adv-heading3842_5f3ca5-84\"] img.kb-inline-image{width:150px;vertical-align:baseline;}<\/style>\n<p class=\"kt-adv-heading3842_5f3ca5-84 wp-block-kadence-advancedheading has-ast-global-color-4-color has-text-color\" data-kb-block=\"kb-adv-heading3842_5f3ca5-84\">Laden Sie hier den Installer f\u00fcr die PC-Software herunter.<\/p>\n\n\n<style>.wp-block-kadence-advancedbtn.kt-btns3842_ddcf88-1f, .site .entry-content .wp-block-kadence-advancedbtn.kt-btns3842_ddcf88-1f, .wp-block-kadence-advancedbtn.kb-btns3842_ddcf88-1f, .site .entry-content .wp-block-kadence-advancedbtn.kb-btns3842_ddcf88-1f{margin-top:var(--global-kb-spacing-md, 2rem);}.wp-block-kadence-advancedbtn.kb-btns3842_ddcf88-1f{gap:var(--global-kb-gap-sm, 1rem);flex-direction:row;justify-content:flex-start;align-items:center;}.kt-btns3842_ddcf88-1f .kt-button{font-weight:normal;font-style:normal;}.kt-btns3842_ddcf88-1f .kt-btn-wrap-0{margin-right:5px;}.wp-block-kadence-advancedbtn.kt-btns3842_ddcf88-1f .kt-btn-wrap-0 .kt-button{color:#555555;border-color:#555555;}.wp-block-kadence-advancedbtn.kt-btns3842_ddcf88-1f .kt-btn-wrap-0 .kt-button:hover, .wp-block-kadence-advancedbtn.kt-btns3842_ddcf88-1f .kt-btn-wrap-0 .kt-button:focus{color:#ffffff;border-color:#444444;}.wp-block-kadence-advancedbtn.kt-btns3842_ddcf88-1f .kt-btn-wrap-0 .kt-button::before{display:none;}.wp-block-kadence-advancedbtn.kt-btns3842_ddcf88-1f .kt-btn-wrap-0 .kt-button:hover, .wp-block-kadence-advancedbtn.kt-btns3842_ddcf88-1f .kt-btn-wrap-0 .kt-button:focus{background:#444444;}@media all and (max-width: 767px){.wp-block-kadence-advancedbtn.kb-btns3842_ddcf88-1f{flex-direction:row;justify-content:flex-start;align-items:center;}}<\/style>\n<div class=\"wp-block-kadence-advancedbtn kb-buttons-wrap kb-btns3842_ddcf88-1f\"><style>ul.menu .wp-block-kadence-advancedbtn .kb-btn3842_5e6632-10.kb-button{width:initial;}.wp-block-kadence-advancedbtn .kb-btn3842_5e6632-10.kb-button{color:var(--ast-global-color-8);background:var(--ast-global-color-4);font-size:var(--global-kb-font-size-sm, 0.9rem);font-weight:bold;border-top-left-radius:10px;border-top-right-radius:10px;border-bottom-right-radius:10px;border-bottom-left-radius:10px;padding-top:var(--global-kb-spacing-xs, 1rem);padding-right:var(--global-kb-spacing-md, 2rem);padding-bottom:var(--global-kb-spacing-xs, 1rem);padding-left:var(--global-kb-spacing-md, 2rem);box-shadow:1px 1px 2px 0px rgba(0, 0, 0, 0.2);}.wp-block-kadence-advancedbtn .kb-btn3842_5e6632-10.kb-button:hover, .wp-block-kadence-advancedbtn .kb-btn3842_5e6632-10.kb-button:focus{color:#003899;background:var(--ast-global-color-4);box-shadow:inset 2px 2px 3px 0px rgba(0, 0, 0, 0.4);}<\/style><a class=\"kb-button kt-button button kb-btn3842_5e6632-10 kt-btn-size-small kt-btn-width-type-auto kb-btn-global-fill  kt-btn-has-text-true kt-btn-has-svg-false  wp-block-kadence-singlebtn\" href=\"https:\/\/q-nix.com\/wp-content\/uploads\/Setup_QN9_1.zip\"><span class=\"kt-btn-inner-text\">Herunterladen<\/span><\/a><\/div>\n<\/div><\/div>\n\n<\/div><\/div><\/div><\/div>\n\n\n<style>.kadence-column3842_88b285-32 > .kt-inside-inner-col,.kadence-column3842_88b285-32 > .kt-inside-inner-col:before{border-top-left-radius:0px;border-top-right-radius:0px;border-bottom-right-radius:0px;border-bottom-left-radius:0px;}.kadence-column3842_88b285-32 > .kt-inside-inner-col{column-gap:var(--global-kb-gap-sm, 1rem);}.kadence-column3842_88b285-32 > .kt-inside-inner-col{flex-direction:column;}.kadence-column3842_88b285-32 > .kt-inside-inner-col > .aligncenter{width:100%;}.kadence-column3842_88b285-32 > .kt-inside-inner-col:before{opacity:0.3;}.kadence-column3842_88b285-32{position:relative;}@media all and (max-width: 1024px){.kadence-column3842_88b285-32 > .kt-inside-inner-col{flex-direction:column;justify-content:center;}}@media all and (max-width: 767px){.kadence-column3842_88b285-32 > .kt-inside-inner-col{flex-direction:column;justify-content:center;}}<\/style>\n<div class=\"wp-block-kadence-column kadence-column3842_88b285-32\"><div class=\"kt-inside-inner-col\"><\/div><\/div>\n\n\n<style>.kadence-column3842_785b56-ba > .kt-inside-inner-col,.kadence-column3842_785b56-ba > .kt-inside-inner-col:before{border-top-left-radius:0px;border-top-right-radius:0px;border-bottom-right-radius:0px;border-bottom-left-radius:0px;}.kadence-column3842_785b56-ba > .kt-inside-inner-col{column-gap:var(--global-kb-gap-sm, 1rem);}.kadence-column3842_785b56-ba > .kt-inside-inner-col{flex-direction:column;}.kadence-column3842_785b56-ba > .kt-inside-inner-col > .aligncenter{width:100%;}.kadence-column3842_785b56-ba > .kt-inside-inner-col:before{opacity:0.3;}.kadence-column3842_785b56-ba{position:relative;}@media all and (max-width: 1024px){.kadence-column3842_785b56-ba > .kt-inside-inner-col{flex-direction:column;justify-content:center;}}@media all and (max-width: 767px){.kadence-column3842_785b56-ba > .kt-inside-inner-col{flex-direction:column;justify-content:center;}}<\/style>\n<div class=\"wp-block-kadence-column kadence-column3842_785b56-ba\"><div class=\"kt-inside-inner-col\"><\/div><\/div>\n\n\n<style>.kadence-column3842_fd4a16-65 > .kt-inside-inner-col,.kadence-column3842_fd4a16-65 > .kt-inside-inner-col:before{border-top-left-radius:0px;border-top-right-radius:0px;border-bottom-right-radius:0px;border-bottom-left-radius:0px;}.kadence-column3842_fd4a16-65 > .kt-inside-inner-col{column-gap:var(--global-kb-gap-sm, 1rem);}.kadence-column3842_fd4a16-65 > .kt-inside-inner-col{flex-direction:column;}.kadence-column3842_fd4a16-65 > .kt-inside-inner-col > .aligncenter{width:100%;}.kadence-column3842_fd4a16-65 > .kt-inside-inner-col:before{opacity:0.3;}.kadence-column3842_fd4a16-65{position:relative;}@media all and (max-width: 1024px){.kadence-column3842_fd4a16-65 > .kt-inside-inner-col{flex-direction:column;justify-content:center;}}@media all and (max-width: 767px){.kadence-column3842_fd4a16-65 > .kt-inside-inner-col{flex-direction:column;justify-content:center;}}<\/style>\n<div class=\"wp-block-kadence-column kadence-column3842_fd4a16-65\"><div class=\"kt-inside-inner-col\"><\/div><\/div>\n\n<\/div><\/div>\n\n\n<ol class=\"wp-block-list\">\n<li>Datei herunterladen.<\/li>\n\n\n\n<li>Entpacken (Rechtsklick \u2192 \u201eAlle extrahieren\u201c) an einem Speicherort Ihrer Wahl.<\/li>\n\n\n\n<li>Setup-Datei per Doppelklick starten und den Anweisungen folgen.<\/li>\n\n\n\n<li>Bei Handger\u00e4ten: Ger\u00e4t per USB anschlie\u00dfen, entpackte Dateien in das angezeigte Laufwerk kopieren und vorhandene Dateien bei Aufforderung ersetzen.<\/li>\n<\/ol>\n\n\n\n<p><strong>Hinweis:<\/strong> Sollten Sie dar\u00fcber hinaus noch Fragen haben, melden Sie sich bitte unter: <a href=\"mailto:info@automation.de\" data-type=\"mailto\" data-id=\"mailto:info@automation.de\">info@automation.de<\/a><\/p>\n\n\n\n<div style=\"height:80px\" aria-hidden=\"true\" class=\"wp-block-spacer\"><\/div>\n\n\n\n<p><\/p>\n","protected":false},"excerpt":{"rendered":"<p>Software-Downloads Laden Sie hier die aktuelle Software f\u00fcr Ihre Ger\u00e4te herunter. Die Software erm\u00f6glicht Ihnen die einfache Verwaltung und Auswertung [&hellip;]<\/p>\n","protected":false},"author":2,"featured_media":0,"parent":1272,"menu_order":1,"comment_status":"closed","ping_status":"closed","template":"","meta":{"site-sidebar-layout":"default","site-content-layout":"","ast-site-content-layout":"default","site-content-style":"default","site-sidebar-style":"default","ast-global-header-display":"","ast-banner-title-visibility":"","ast-main-header-display":"","ast-hfb-above-header-display":"","ast-hfb-below-header-display":"","ast-hfb-mobile-header-display":"","site-post-title":"disabled","ast-breadcrumbs-content":"","ast-featured-img":"","footer-sml-layout":"","ast-disable-related-posts":"","theme-transparent-header-meta":"","adv-header-id-meta":"","stick-header-meta":"","header-above-stick-meta":"","header-main-stick-meta":"","header-below-stick-meta":"","astra-migrate-meta-layouts":"default","ast-page-background-enabled":"default","ast-page-background-meta":{"desktop":{"background-color":"var(--ast-global-color-5)","background-image":"","background-repeat":"repeat","background-position":"center center","background-size":"auto","background-attachment":"scroll","background-type":"","background-media":"","overlay-type":"","overlay-color":"","overlay-opacity":"","overlay-gradient":""},"tablet":{"background-color":"","background-image":"","background-repeat":"repeat","background-position":"center center","background-size":"auto","background-attachment":"scroll","background-type":"","background-media":"","overlay-type":"","overlay-color":"","overlay-opacity":"","overlay-gradient":""},"mobile":{"background-color":"","background-image":"","background-repeat":"repeat","background-position":"center center","background-size":"auto","background-attachment":"scroll","background-type":"","background-media":"","overlay-type":"","overlay-color":"","overlay-opacity":"","overlay-gradient":""}},"ast-content-background-meta":{"desktop":{"background-color":"var(--ast-global-color-4)","background-image":"","background-repeat":"repeat","background-position":"center center","background-size":"auto","background-attachment":"scroll","background-type":"","background-media":"","overlay-type":"","overlay-color":"","overlay-opacity":"","overlay-gradient":""},"tablet":{"background-color":"var(--ast-global-color-4)","background-image":"","background-repeat":"repeat","background-position":"center center","background-size":"auto","background-attachment":"scroll","background-type":"","background-media":"","overlay-type":"","overlay-color":"","overlay-opacity":"","overlay-gradient":""},"mobile":{"background-color":"var(--ast-global-color-4)","background-image":"","background-repeat":"repeat","background-position":"center center","background-size":"auto","background-attachment":"scroll","background-type":"","background-media":"","overlay-type":"","overlay-color":"","overlay-opacity":"","overlay-gradient":""}},"footnotes":""},"class_list":["post-3842","page","type-page","status-publish","hentry"],"_links":{"self":[{"href":"https:\/\/neu.q-nix.com\/en\/wp-json\/wp\/v2\/pages\/3842","targetHints":{"allow":["GET"]}}],"collection":[{"href":"https:\/\/neu.q-nix.com\/en\/wp-json\/wp\/v2\/pages"}],"about":[{"href":"https:\/\/neu.q-nix.com\/en\/wp-json\/wp\/v2\/types\/page"}],"author":[{"embeddable":true,"href":"https:\/\/neu.q-nix.com\/en\/wp-json\/wp\/v2\/users\/2"}],"replies":[{"embeddable":true,"href":"https:\/\/neu.q-nix.com\/en\/wp-json\/wp\/v2\/comments?post=3842"}],"version-history":[{"count":0,"href":"https:\/\/neu.q-nix.com\/en\/wp-json\/wp\/v2\/pages\/3842\/revisions"}],"up":[{"embeddable":true,"href":"https:\/\/neu.q-nix.com\/en\/wp-json\/wp\/v2\/pages\/1272"}],"wp:attachment":[{"href":"https:\/\/neu.q-nix.com\/en\/wp-json\/wp\/v2\/media?parent=3842"}],"curies":[{"name":"wp","href":"https:\/\/api.w.org\/{rel}","templated":true}]}}